{"id":13,"date":"2025-03-30T09:39:03","date_gmt":"2025-03-30T07:39:03","guid":{"rendered":"http:\/\/piowegrow.pl\/?page_id=13"},"modified":"2026-04-12T09:23:16","modified_gmt":"2026-04-12T07:23:16","slug":"ogloszenia","status":"publish","type":"page","link":"http:\/\/piowegrow.pl\/index.php\/ogloszenia\/","title":{"rendered":"Og\u0142oszenia"},"content":{"rendered":"\n<p>Og\u0142oszenia parafialne \u2013 II Niedziela Wielkanocna \u2013 \u015awi\u0119to Bo\u017cego Mi\u0142osierdzia<\/p>\n\n\n\n<p>1. B\u00f3g zap\u0142a\u0107 wszystkim za uczestnictwo w Oktawie wielkanocnej i Nowennie przed \u015bwi\u0119tem Bo\u017cego Mi\u0142osierdzia.<\/p>\n\n\n\n<p>2. Dzisiaj w II Niedziel\u0119 Wielkanocn\u0105 obchodzimy \u015awi\u0119to Bo\u017cego Mi\u0142osierdzia. B\u00f3g zap\u0142a\u0107 za ofiary przeznaczone na cele charytatywne.<\/p>\n\n\n\n<p>3. Dzisiaj mo\u017cemy zyska\u0107 odpust zupe\u0142ny za odm\u00f3wienie Koronki do Mi\u0142osierdzia Bo\u017cego.<\/p>\n\n\n\n<p>4. Zapowiedzi przed\u015blubne:<\/p>\n\n\n\n<p>\u2022 Iwona Oprz\u0105dek, panna z Kryp i \u0141ukasz Szczepa\u0144ski, kawaler z W\u0119growa \u2013 zapowied\u017a III<\/p>\n\n\n\n<p>\u2022 Rawa Natalia z parafii tutejszej i Grzegorz Rawa z J\u00f3zina, Parafia \u015bw. Anny w Rogowie, zwi\u0105zani cywilnie \u2013 zapowied\u017a III<\/p>\n\n\n\n<p>\u2022 Daria Grodkowska, panna z parafii tutejszej i Jakub J\u00f3zef S\u0119kowski, kawaler z Siedlec, Parafia \u015bw. J\u00f3zefa \u2013 zapowied\u017a III<\/p>\n\n\n\n<p>\u2022 Natalia Gajewska, panna z parafii tutejszej i Dawid Krzysztof Gizi\u0144ski, kawaler z Wojew\u00f3dek Dolnych, Parafia Niepokalanego Serca NMP w Soko\u0142owie Podlaskim \u2013 zapowied\u017a III.<\/p>\n","protected":false},"excerpt":{"rendered":"<p>Og\u0142oszenia parafialne \u2013 II Niedziela Wielkanocna \u2013 \u015awi\u0119to Bo\u017cego Mi\u0142osierdzia 1. B\u00f3g zap\u0142a\u0107 wszystkim za uczestnictwo w Oktawie wielkanocnej i Nowennie przed \u015bwi\u0119tem Bo\u017cego Mi\u0142osierdzia. 2. Dzisiaj w II Niedziel\u0119 Wielkanocn\u0105 obchodzimy \u015awi\u0119to Bo\u017cego Mi\u0142osierdzia. B\u00f3g zap\u0142a\u0107 za ofiary przeznaczone na cele charytatywne. 3. Dzisiaj mo\u017cemy zyska\u0107 odpust zupe\u0142ny za odm\u00f3wienie Koronki do Mi\u0142osierdzia Bo\u017cego. [&hellip;]<\/p>\n","protected":false},"author":1,"featured_media":0,"parent":0,"menu_order":0,"comment_status":"closed","ping_status":"closed","template":"","meta":{"footnotes":""},"class_list":["post-13","page","type-page","status-publish","hentry"],"_links":{"self":[{"href":"http:\/\/piowegrow.pl\/index.php\/wp-json\/wp\/v2\/pages\/13","targetHints":{"allow":["GET"]}}],"collection":[{"href":"http:\/\/piowegrow.pl\/index.php\/wp-json\/wp\/v2\/pages"}],"about":[{"href":"http:\/\/piowegrow.pl\/index.php\/wp-json\/wp\/v2\/types\/page"}],"author":[{"embeddable":true,"href":"http:\/\/piowegrow.pl\/index.php\/wp-json\/wp\/v2\/users\/1"}],"replies":[{"embeddable":true,"href":"http:\/\/piowegrow.pl\/index.php\/wp-json\/wp\/v2\/comments?post=13"}],"version-history":[{"count":55,"href":"http:\/\/piowegrow.pl\/index.php\/wp-json\/wp\/v2\/pages\/13\/revisions"}],"predecessor-version":[{"id":396,"href":"http:\/\/piowegrow.pl\/index.php\/wp-json\/wp\/v2\/pages\/13\/revisions\/396"}],"wp:attachment":[{"href":"http:\/\/piowegrow.pl\/index.php\/wp-json\/wp\/v2\/media?parent=13"}],"curies":[{"name":"wp","href":"https:\/\/api.w.org\/{rel}","templated":true}]}}