{"id":11,"date":"2025-03-30T09:38:54","date_gmt":"2025-03-30T07:38:54","guid":{"rendered":"http:\/\/piowegrow.pl\/?page_id=11"},"modified":"2026-05-10T15:12:51","modified_gmt":"2026-05-10T13:12:51","slug":"intencje","status":"publish","type":"page","link":"https:\/\/piowegrow.pl\/index.php\/intencje\/","title":{"rendered":"Intencje"},"content":{"rendered":"\n<figure class=\"wp-block-table\"><table class=\"has-fixed-layout\"><tbody><tr><td colspan=\"3\"><br><strong>INTENCJE&nbsp; MSZALNE &#8211; 11.05.2026 \u2013 17.05.2026<\/strong><\/td><\/tr><tr><td colspan=\"2\"><strong>PONIEDZIA\u0141EK \u2013 11.05.2026<\/strong><\/td><td><br><strong>Nabo\u017ce\u0144stwo majowe<\/strong><\/td><\/tr><tr><td><strong><sup><\/sup><\/strong><strong>&nbsp;&nbsp;7<\/strong><strong><sup>00<\/sup><\/strong><strong>&nbsp;&nbsp;18<\/strong><strong><sup>00<\/sup><\/strong><\/td><td colspan=\"2\">\u2020 Zm. dziadk\u00f3w i pradziadk\u00f3wB\u0142agalna w intencji Paw\u0142a<\/td><\/tr><tr><td><strong>18<\/strong><strong><sup>00<\/sup><\/strong><\/td><td colspan=\"2\">\u2020 Irena i Stanis\u0142aw Kowalik; \u2020 Zenon Kowalik<\/td><\/tr><tr><td colspan=\"2\"><strong>WTOREK \u2013 12.05.2026&nbsp;<\/strong><\/td><td><br><strong>Nabo\u017ce\u0144stwo majowe<\/strong><\/td><\/tr><tr><td><strong>&nbsp; 7<\/strong><strong><sup>00<\/sup><\/strong><\/td><td colspan=\"2\">B\u0142agalna w intencji Paw\u0142a<\/td><\/tr><tr><td><strong>18<\/strong><strong><sup>00<\/sup><\/strong><\/td><td colspan=\"2\">\u2020 Anna Kowalczyk (23 r.); \u2020 Eugeniusz, Aleksandra<\/td><\/tr><tr><td colspan=\"2\"><strong>\u015aRODA \u2013 13.05.2026<\/strong><\/td><td><strong>Nabo\u017ce\u0144stwo majowe<\/strong><\/td><\/tr><tr><td><strong><sup><\/sup><\/strong><strong>&nbsp;&nbsp;18<\/strong><strong><sup>00<\/sup><\/strong><strong>&nbsp;&nbsp;18<\/strong><strong><sup>00<\/sup><\/strong><\/td><td colspan=\"2\">Dz-b\u0142. w intencji chrze\u015bniak\u00f3w: Dariusza, Roberta, Paw\u0142a, El\u017cbiety i Rafa\u0142a; o opiek\u0119 Maryi i \u015bw. O. Pio<\/td><\/tr><tr><td colspan=\"2\"><strong>CZWARTEK&nbsp; \u2013 14.05.2026<\/strong><\/td><td><strong>\u015awi\u0119to \u015bw. Macieja Aposto\u0142a<\/strong><strong><br><\/strong><strong>Nabo\u017ce\u0144stwo majowe<\/strong><strong>ADORACJA&nbsp; &nbsp; &nbsp; 18.00 \u2013 22.00<\/strong><\/td><\/tr><tr><td><strong><sup><\/sup><\/strong><strong>&nbsp;&nbsp;18<\/strong><strong><sup>00<\/sup><\/strong><strong>&nbsp;&nbsp;18<\/strong><strong><sup>00<\/sup><\/strong><\/td><td colspan=\"2\">Dz-b\u0142. w intencji chrze\u015bniak\u00f3w: Dariusza, Roberta, Paw\u0142a, El\u017cbiety i Rafa\u0142a; o opiek\u0119 Maryi i \u015bw. O. Pio\u2020 Danuta Str\u0105k (6 r.)<\/td><\/tr><tr><td colspan=\"2\"><strong>PI\u0104TEK \u2013&nbsp; 15.05.2026<\/strong><\/td><td><br><strong>Nabo\u017ce\u0144stwo majowe<\/strong><\/td><\/tr><tr><td><strong>18<\/strong><strong><sup>00<\/sup><\/strong><strong>18<\/strong><strong><sup>00<\/sup><\/strong><\/td><td colspan=\"2\">Dz-b\u0142. w intencji chrze\u015bniak\u00f3w: Dariusza, Roberta, Paw\u0142a, El\u017cbiety i Rafa\u0142a; o opiek\u0119 Maryi i \u015bw. O. Pio\u2020 Aniela, J\u00f3zef, Tadeusz, Mieczys\u0142aw i Kazimierz Buzuk<\/td><\/tr><tr><td colspan=\"2\"><strong>SOBOTA \u2013 16.05.2026<\/strong><\/td><td><strong>\u015awi\u0119to \u015bw. Andrzeja Boboli, Patrona Polski<\/strong><strong>Nabo\u017ce\u0144stwo majowe<\/strong><\/td><\/tr><tr><td><strong>18<\/strong><strong><sup>00<\/sup><\/strong><strong>18<\/strong><strong><sup>00<\/sup><\/strong><\/td><td colspan=\"2\">Dz-b\u0142. w intencji chrze\u015bniak\u00f3w: Dariusza, Roberta, Paw\u0142a, El\u017cbiety i Rafa\u0142a; o opiek\u0119 Maryi i \u015bw. O. Pio&nbsp;Dzi\u0119kczynna za odzyskane zdrowie; B\u0142agalna o \u0142ask\u0119 zdrowia dla Marty; o pok\u00f3j na \u015bwiecie<\/td><\/tr><tr><td colspan=\"2\"><strong>NIEDZIELA \u2013 17.05.2026<\/strong><\/td><td><strong>VII Niedziela wielkanocna \u2013 <\/strong><strong><br><\/strong><strong>Uroczysto\u015b\u0107 Wniebowst\u0105pienia Pa\u0144skiego&nbsp;<\/strong><\/td><\/tr><tr><td><strong>8<\/strong><strong><sup>00<\/sup><\/strong><strong>8<\/strong><strong><sup>00<\/sup><\/strong><\/td><td colspan=\"2\">\u2020 Teresa Adynowska-Kocon; \u2020 Zdzis\u0142awa GlinkaDz-b\u0142. w intencji chrze\u015bniak\u00f3w: Dariusza, Roberta, Paw\u0142a, El\u017cbiety i Rafa\u0142a; o opiek\u0119 Maryi i \u015bw. O. Pio<\/td><\/tr><tr><td><strong>10<\/strong><strong><sup>00<\/sup><\/strong><\/td><td colspan=\"2\">\u2020 Dariusz, Jakub i J\u00f3zefa Matusik; \u2020 Matusik\u00f3w<\/td><\/tr><tr><td><strong>12<\/strong><strong><sup>00<\/sup><\/strong><\/td><td colspan=\"2\">\u2020 Andrzej Barbachowski (4 r.)Za Parafian&nbsp;&nbsp;&nbsp;&nbsp;&nbsp;&nbsp;&nbsp;&nbsp;&nbsp;&nbsp;&nbsp;&nbsp;&nbsp;&nbsp;&nbsp;&nbsp;&nbsp;&nbsp;&nbsp;&nbsp;&nbsp;&nbsp;&nbsp;&nbsp;&nbsp;&nbsp;&nbsp;&nbsp;&nbsp;&nbsp;&nbsp;&nbsp;&nbsp;&nbsp;&nbsp;&nbsp;&nbsp;&nbsp;&nbsp;&nbsp;&nbsp;&nbsp;&nbsp;&nbsp;&nbsp;&nbsp;&nbsp;<\/td><\/tr><tr><td><strong>18<\/strong><strong><sup>00<\/sup><\/strong><\/td><td colspan=\"2\">Dz-b\u0142. w intencji mieszka\u0144c\u00f3w z Miedzanki, Ul. Gda\u0144skiej, Zacisznej, Cichej, Brzozowej i okolicznych ulic;<br>o Bo\u017ce b\u0142ogos\u0142awie\u0144stwo w tegorocznych plonach, \u0142ask\u0119 deszczu i b\u0142ogos\u0142awie\u0144stwo w pracy rolnika&nbsp;&nbsp;&nbsp;&nbsp;&nbsp;&nbsp;&nbsp;&nbsp;&nbsp;&nbsp;&nbsp;&nbsp;&nbsp;&nbsp;&nbsp;&nbsp;&nbsp;&nbsp;&nbsp;&nbsp;&nbsp;&nbsp;&nbsp;&nbsp;&nbsp;&nbsp;&nbsp;&nbsp;&nbsp;&nbsp;&nbsp;&nbsp;&nbsp;&nbsp;&nbsp;&nbsp;&nbsp;&nbsp;&nbsp;&nbsp;&nbsp;&nbsp;&nbsp;&nbsp;&nbsp;<\/td><\/tr><\/tbody><\/table><\/figure>\n","protected":false},"excerpt":{"rendered":"<p>INTENCJE&nbsp; MSZALNE &#8211; 11.05.2026 \u2013 17.05.2026 PONIEDZIA\u0141EK \u2013 11.05.2026 Nabo\u017ce\u0144stwo majowe &nbsp;&nbsp;700&nbsp;&nbsp;1800 \u2020 Zm. dziadk\u00f3w i pradziadk\u00f3wB\u0142agalna w intencji Paw\u0142a 1800 \u2020 Irena i Stanis\u0142aw Kowalik; \u2020 Zenon Kowalik WTOREK \u2013 12.05.2026&nbsp; Nabo\u017ce\u0144stwo majowe &nbsp; 700 B\u0142agalna w intencji Paw\u0142a 1800 \u2020 Anna Kowalczyk (23 r.); \u2020 Eugeniusz, Aleksandra \u015aRODA \u2013 13.05.2026 Nabo\u017ce\u0144stwo majowe &nbsp;&nbsp;1800&nbsp;&nbsp;1800 [&hellip;]<\/p>\n","protected":false},"author":1,"featured_media":0,"parent":0,"menu_order":0,"comment_status":"closed","ping_status":"closed","template":"","meta":{"footnotes":""},"class_list":["post-11","page","type-page","status-publish","hentry"],"_links":{"self":[{"href":"https:\/\/piowegrow.pl\/index.php\/wp-json\/wp\/v2\/pages\/11","targetHints":{"allow":["GET"]}}],"collection":[{"href":"https:\/\/piowegrow.pl\/index.php\/wp-json\/wp\/v2\/pages"}],"about":[{"href":"https:\/\/piowegrow.pl\/index.php\/wp-json\/wp\/v2\/types\/page"}],"author":[{"embeddable":true,"href":"https:\/\/piowegrow.pl\/index.php\/wp-json\/wp\/v2\/users\/1"}],"replies":[{"embeddable":true,"href":"https:\/\/piowegrow.pl\/index.php\/wp-json\/wp\/v2\/comments?post=11"}],"version-history":[{"count":60,"href":"https:\/\/piowegrow.pl\/index.php\/wp-json\/wp\/v2\/pages\/11\/revisions"}],"predecessor-version":[{"id":410,"href":"https:\/\/piowegrow.pl\/index.php\/wp-json\/wp\/v2\/pages\/11\/revisions\/410"}],"wp:attachment":[{"href":"https:\/\/piowegrow.pl\/index.php\/wp-json\/wp\/v2\/media?parent=11"}],"curies":[{"name":"wp","href":"https:\/\/api.w.org\/{rel}","templated":true}]}}