{"id":15,"date":"2025-03-30T09:39:15","date_gmt":"2025-03-30T07:39:15","guid":{"rendered":"http:\/\/piowegrow.pl\/?page_id=15"},"modified":"2025-04-06T11:30:31","modified_gmt":"2025-04-06T09:30:31","slug":"o-parafii","status":"publish","type":"page","link":"https:\/\/piowegrow.pl\/index.php\/o-parafii\/","title":{"rendered":"O Parafii"},"content":{"rendered":"<div>\n<h3>Historia Parafii<\/h3>\n<p>Parafia Rzymskokatolicka \u015aw. Ojca Pio w W\u0119growie zosta\u0142a powo\u0142ana do istnienia, dekretem Biskupa Drohiczy\u0144skiego Antoniego Dydycza, dnia 2 grudnia 2007 roku. Pierwszym proboszczem zosta\u0142 mianowany ks. Wies\u0142aw Krzysztof Niemyjski. Parafia \u015aw. Ojca Pio zosta\u0142a wydzielona z dotychczasowych Parafii: Wniebowzi\u0119cia NMP (Bazylika Mniejsza) oraz \u015aw. Piotra z Alkantary i \u015aw. Antoniego z Padwy. Now\u0105 wsp\u00f3lnot\u0119 parafialna tworz\u0105 mieszka\u0144cy nast\u0119puj\u0105cych ulic: Gda\u0144skiej(od ul. Prostej), Prostej, Sosnowej, \u015awierkowej, P\u00f3\u0142nocnej, Szerokiej(od ul. P\u00f3\u0142nocnej), S\u0142onecznej, al. Partyzant\u00f3w, Pogodnej, osiedli: Grudzie I, Grudzie II, Grudzie III, Nowiny, Miedzanka. Tymczasowym ko\u015bcio\u0142em parafialnym sta\u0142a si\u0119 Bazylika Mniejsza w W\u0119growie, w kt\u00f3rej s\u0105 sprawowane wszystkie czynno\u015bci duszpasterskie na rzecz wiernych z terenu nowopowsta\u0142ej jednostki ko\u015bcielnej (chrzty, \u015bluby, pogrzeby, itd.). Nowa parafia w W\u0119growie zosta\u0142a powo\u0142ana do istnienia, aby przybli\u017cy\u0107 miejscowym wiernym ko\u015bci\u00f3\u0142 parafialny i u\u0142atwi\u0107 kontakt z kap\u0142anem. Ksi\u0105dz Biskup Antonii Dydycz doszed\u0142 do wniosku, \u017ce w W\u0119growie potrzebny jest nowy o\u015brodek kultu poniewa\u017c to miasto przyjmuje coraz to wi\u0119cej mieszka\u0144c\u00f3w z okolicznych wsi i rozrasta si\u0119. Jest uzasadniona nadzieja, \u017ce po kr\u00f3tkim zastoju gospodarczym to miasto d\u017awignie si\u0119 i b\u0119dzie si\u0119 rozwija\u0107 znajduj\u0105c si\u0119 tak blisko stolicy pa\u0144stwa.\u00a0<\/p>\n<h3>Rodzinny Koncert Kol\u0119d:<\/h3>\n<p>Rodzinny Koncert kol\u0119d odby\u0142 si\u0119 6 stycznia 2008 r. w W\u0119growskim O\u015brodku Kultury. Wyst\u0105pili : Hanna Kruszewska &#8211; solistka, Ch\u00f3r Szko\u0142y Podstawowej im. Jana Paw\u0142a II w W\u0119growie oraz Publicznego Gimnazjum w W\u0119growie pod kierunkiem Barbary Rostek-\u015aladowskiej, Studio Piosenki dzia\u0142aj\u0105ce przy WOK, zesp\u00f3\u0142 \u201eW\u0119growianie\u201d. Jako go\u015b\u0107 specjalny wyst\u0105pi\u0142 Mi\u0119dzyuczelniany Ch\u00f3r Akademicki \u201ePro Pace\u201d i Orkiestra Symfoniczna Akademii Muzycznej im. F. Chopina w Warszawie pod dyrekcj\u0105 S\u0142awomira Leszczy\u0144skiego.\u00a0<\/p>\n<h3>Nabycie ziemi pod ko\u015bci\u00f3\u0142:<\/h3>\n<p>Dnia 4 lutego 2008 roku zosta\u0142 sporz\u0105dzony akt notarialny moc\u0105 kt\u00f3rego Parafia \u015aw. ojca Pio naby\u0142a prawa w\u0142asno\u015bciowe do teren\u00f3w przy ul. Gda\u0144skiej.\u00a0<\/p>\n<h3>Po\u015bwi\u0119cenie Placu pod ko\u015bci\u00f3\u0142\u00a0<\/h3>\n<p>18 maja o godz. 18.00 Ksi\u0105dz Biskup Antonii Dydycz, w asy\u015bcie Dziekana W\u0119growskiego ks. Czes\u0142awa Mazurka, miejscowego duchowie\u0144stwa i licznie zgromadzonego Ludu Bo\u017cego, po\u015bwi\u0119ci\u0142 plac pod ko\u015bci\u00f3\u0142 i krzy\u017c.<\/p>\n<h3>Nabo\u017ce\u0144stwa majowe 2008<\/h3>\n<p>Nabo\u017ce\u0144stwa majowe ze \u015bpiewem Litanii Loreta\u0144skiej odbywa\u0142y si\u0119 przez ca\u0142y miesi\u0105c maj na ul. S\u0142onecznej przy kapliczce Matki Bo\u017cej na posesji pa\u0144stwa Zofii i Zdzis\u0142awa Matusik\u00f3w, o godzinie 19.30.\u00a0<\/p>\n<h3>Nabo\u017ce\u0144stwa czerwcowe 2008\u00a0<\/h3>\n<p>Nabo\u017ce\u0144stwa czerwcowe ze \u015bpiewem Litanii do Serca Pana Jezusa odbywa\u0142y si\u0119 na placu parafialnym przy ul. Gda\u0144skiej o godz. 19.30 przy nowo po\u015bwi\u0119conym krzy\u017cu.\u00a0<\/p>\n<h3>Pielgrzymka 6,7,8.06.2008 r.<\/h3>\n<p>Pielgrzymk\u0119 dla doros\u0142ych zorganizowano w dniach 6,7,8 czerwca 2008 roku. Trasa prowadzi\u0142a przez Cz\u0119stochow\u0119, Bielsko Bia\u0142\u0105, Wadowice, Zakopane oraz Lud\u017amierz. Wzi\u0119\u0142o w niej udzia\u0142 45 os\u00f3b z W\u0119growa i z Soko\u0142owa Podlaskiego.\u00a0<br \/>Nabo\u017ce\u0144stwa r\u00f3\u017ca\u0144cowe w lipcu i sierpniu 2008<br \/>Nabo\u017ce\u0144stwa r\u00f3\u017ca\u0144cowe odbywa\u0142y si\u0119 na placu parafialnym przy ul. Gda\u0144skiej przez lipiec i sierpie\u0144 w ka\u017cd\u0105 \u015brod\u0119, sobot\u0119 i niedziel\u0119.\u00a0<\/p>\n<h3>Msze \u015awi\u0119te polowe<\/h3>\n<p>W ka\u017cd\u0105 niedziel\u0119 w miesi\u0105cach czerwcu, lipcu i sierpniu odbywa\u0142y si\u0119 Msze \u015awi\u0119te polowe przy krzy\u017cu parafialnym o godz. 19.30.\u00a0<\/p>\n<h3>P\u00f3\u0142kolonie Parafialne<\/h3>\n<p>W dniach od 7 do 13 lipca 2008 roku zosta\u0142y zorganizowane p\u00f3\u0142kolonie dla dzieci i m\u0142odzie\u017cy. P\u00f3\u0142kolonie zosta\u0142y zrealizowane wesp\u00f3\u0142 ze Stowarzyszeniem Rozwoju Sportu Dzieci i M\u0142odzie\u017cy w W\u0119growie. Uczestniczy\u0142o w nich ok. 80 dzieci ze szko\u0142y podstawowej , 15 os\u00f3b m\u0142odzie\u017cy i 6 os\u00f3b wychowawc\u00f3w. Zaj\u0119cia odbywa\u0142y si\u0119 codziennie w godz. 14.00- 19.00 na placu parafialnym przy ul. Gda\u0144skiej. Na program z\u0142o\u017cy\u0142y si\u0119 : modlitwa, zaj\u0119cia sportowe( pi\u0142ka no\u017cna, pi\u0142ka siatkowa, wyjazdy na p\u0142ywalni\u0119 do Soko\u0142owa Podlaskiego, szachy, jazda konno), zaj\u0119cia plastyczne, ta\u0144ce integracyjne, \u015bpiew, posi\u0142ki, ognisko , Msza \u015bw. opiekunami byli: Bo\u017cena Kosiorek, Aldona Sadowska, Ma\u0142gorzata Laskowska, Alicja Dmowska, Weronika, Edyta i Anna Gryczan, Daniel Gryczan, Micha\u0142 Kosiorek, Justyna \u0141adosz, Marta Maleszewska, Karolina Chru\u015bciel. Aleksandra K\u0142os, Iwona Rojek, Justyna Ma\u0142kowska, Sylwia Fr\u0105czek.<\/p>\n<h3>Rajd rowerowy po Mazowszu i Lubelszczy\u017anie<\/h3>\n<p>Odby\u0142 si\u0119 on w dniach 14-22.08.2008 roku. Uczestnikami rajdu byli studenci , m\u0142odzie\u017c szko\u0142y \u015bredniej i gimnazjum. Opiekunami zostali: Ks. Wies\u0142aw Niemyjski, ks. Rafa\u0142 Zbucki, Bo\u017cena i Wies\u0142aw Kosiorkowie, Ma\u0142gorzata Wyszomirska. Trasa obj\u0119\u0142a W\u0119gr\u00f3w, Ka\u0142uszyn, Siennic\u0119, Otwock, Czersk, Wark\u0119, Puszcz\u0119 Kozienick\u0105, Kozienice, Pionki, Czarnolas, Janowiec, Kazimierz Dolny, \u0141uk\u00f3w, Siedlce. Rajd by\u0142 doskona\u0142\u0105 okazj\u0105 aby pozna\u0107 zabytki sztuki sakralnej, warownie i zamki, przyrod\u0119 i zwyczaje.<\/p>\n<h3>Pielgrzymka do W\u0142och i do \u015aw. Ojca Pio<\/h3>\n<p>Pielgrzymka odby\u0142a sie w dniach 12-20.10.2008 roku. Uczestniczy\u0142o w niej og\u00f3\u0142em 47 os\u00f3b w tym 22 z W\u0119growa. Trasa obejmowa\u0142a: Wiede\u0144, Asy\u017c, Rzym, Monte Casino, San Giovani Rotondo, Loretto, Padw\u0119.\u00a0<\/p>\n<h3>Odpust Parafialny<\/h3>\n<p>Msza \u015awi\u0119ta o godzinie 18.00 celebrowana by\u0142a przez J.E. ks. Biskupa Antoniego Dydycza zosta\u0142a odprawiona na placu parafialnym przy ul. Gda\u0144skiej. O\u0142tarz by\u0142 umieszczony pod specjalnie rozstawionym na ta okazje zadaszeniem poniewa\u017c z nieba pada\u0142 na nas rz\u0119sisty deszcz.\u00a0<\/p>\n<h3>Pasterka 2008<\/h3>\n<h3>P\u00f3\u0142kolonie Zima 2009<\/h3>\n<p>P\u00f3\u0142kolonie zimowe organizowane dla dzieci i m\u0142odzie\u017cy odby\u0142y si\u0119 w dniach 19-22.01.2009 roku. Na program z\u0142o\u017cy\u0142y si\u0119 nast\u0119puj\u0105ce zaj\u0119cia: plastyczne, taneczne i teatralne w WOK oraz pokaz sprz\u0119tu policyjnego a tak\u017ce pogadanka na temat wsp\u00f3\u0142czesnych zagro\u017ce\u0144 (uzale\u017cnienie od Internetu i nikotyny). Poza tym odby\u0142y si\u0119 r\u00f3wnie\u017c dwa turnieje pi\u0142ki no\u017cnej, wyjazd do Soko\u0142owa Podlaskiego na p\u0142ywalnie a tak\u017ce modlitwa w Sanktuarium Mi\u0142osierdzia Bo\u017cego, pobyt w le\u015bnicz\u00f3wce na Miedzance (ognisko, zawody saneczkarskie, spacer do \u017ceremi bobr\u00f3w), wyjazd do Siedlec (zwiedzanie rozg\u0142o\u015bni Katolickiego Radia Podlasie, Muzeum Diecezjalnego i pobyt na sztucznym lodowisku).<\/p>\n<h3>Bal Parafialny 7.02.2009 r.<\/h3>\n<p>W ramach gromadzenia funduszy na budow\u0119 nowego ko\u015bcio\u0142a pod wezwaniem \u015aw. Ojca Pio w W\u0119growie dnia 7 lutego w Centrum Konferencyjnym \u201eKrasnodebski\u201d odby\u0142 si\u0119 bal karnawa\u0142owy. 26 listopada 2008 roku powo\u0142ano komitet organizacyjny. W jej sk\u0142ad weszli: Proboszcz Parafii ks. Wies\u0142aw Niemyski, El\u017cbieta Krasnod\u0119bska, Jadwiga Snopkiewicz, Bo\u017cena Kosiorek, Pawe\u0142 Marchela. Podczas balu wylosowano nagrod\u0119 rzeczow\u0105 w postaci wycieczki zagranicznej do Francji . Wylosowa\u0142a j\u0105 Marta Maleszewska. Bal u\u015bwietnili swoim wyst\u0119pem tanecznym Mistrzowie Polski w rock\u2019n rollu. Aukcje poprowadzi\u0142 pan Krzysztof Supe\u0142. Nast\u0119puj\u0105cy arty\u015bci ofiarowali swoje prace: Ma\u0142gorzata Konopi\u0144ska, Miros\u0142aw Greluk, Lech Pawlak, Roman Postek, Teresa i Dariusz Kowalscy. Album ofiarowa\u0142a Krystyna Zbro\u017cek. Opraw\u0119 muzyczn\u0105 i dobr\u0105 zabaw\u0119 zapewni\u0142 Marcin Zawadzki z zespo\u0142em Seaquest.\u00a0<\/p>\n<h3>Cegie\u0142ki na budow\u0119 ko\u015bcio\u0142a<\/h3>\n<p>Przez ca\u0142y miesi\u0105c stycze\u0144 przy Bazylice by\u0142y rozprowadzane cegie\u0142ki &#8211; losy na rzecz budowy ko\u015bcio\u0142a. Dyrektor biura podr\u00f3\u017cy \u201eFrater\u201d z Bydgoszczy po Mszy \u015awi\u0119tej o godz. 14.45 dokona\u0142 losowania dw\u00f3ch pielgrzymek w\u015br\u00f3d os\u00f3b, kt\u00f3re zakupi\u0142y losy. Wycieczk\u0119 do Bawarii wylosowa\u0142a Teresa Zieli\u0144ska natomiast do Francji Leszek Salach.<\/p>\n<\/div>\n<p><!--more--><br \/>\n<!-- {\"type\":\"layout\",\"children\":[{\"type\":\"section\",\"props\":{\"image_position\":\"center-center\",\"style\":\"default\",\"title_breakpoint\":\"xl\",\"title_position\":\"top-left\",\"title_rotation\":\"left\",\"vertical_align\":\"middle\",\"width\":\"default\"},\"children\":[{\"type\":\"row\",\"children\":[{\"type\":\"column\",\"props\":{\"image_position\":\"center-center\",\"position_sticky_breakpoint\":\"m\"},\"children\":[{\"type\":\"text\",\"props\":{\"column_breakpoint\":\"m\",\"content\":\"\n\n<h3>Historia Parafii<\\\/h3>\\n\n\n<p>Parafia Rzymskokatolicka \\u015aw. Ojca Pio w W\\u0119growie zosta\\u0142a powo\\u0142ana do istnienia, dekretem Biskupa Drohiczy\\u0144skiego Antoniego Dydycza, dnia 2 grudnia 2007 roku. Pierwszym proboszczem zosta\\u0142 mianowany ks. Wies\\u0142aw Krzysztof Niemyjski. Parafia \\u015aw. Ojca Pio zosta\\u0142a wydzielona z dotychczasowych Parafii: Wniebowzi\\u0119cia NMP (Bazylika Mniejsza) oraz \\u015aw. Piotra z Alkantary i \\u015aw. Antoniego z Padwy. Now\\u0105 wsp\\u00f3lnot\\u0119 parafialna tworz\\u0105 mieszka\\u0144cy nast\\u0119puj\\u0105cych ulic: Gda\\u0144skiej(od ul. Prostej), Prostej, Sosnowej, \\u015awierkowej, P\\u00f3\\u0142nocnej, Szerokiej(od ul. P\\u00f3\\u0142nocnej), S\\u0142onecznej, al. Partyzant\\u00f3w, Pogodnej, osiedli: Grudzie I, Grudzie II, Grudzie III, Nowiny, Miedzanka. Tymczasowym ko\\u015bcio\\u0142em parafialnym sta\\u0142a si\\u0119 Bazylika Mniejsza w W\\u0119growie, w kt\\u00f3rej s\\u0105 sprawowane wszystkie czynno\\u015bci duszpasterskie na rzecz wiernych z terenu nowopowsta\\u0142ej jednostki ko\\u015bcielnej (chrzty, \\u015bluby, pogrzeby, itd.). Nowa parafia w W\\u0119growie zosta\\u0142a powo\\u0142ana do istnienia, aby przybli\\u017cy\\u0107 miejscowym wiernym ko\\u015bci\\u00f3\\u0142 parafialny i u\\u0142atwi\\u0107 kontakt z kap\\u0142anem. Ksi\\u0105dz Biskup Antonii Dydycz doszed\\u0142 do wniosku, \\u017ce w W\\u0119growie potrzebny jest nowy o\\u015brodek kultu poniewa\\u017c to miasto przyjmuje coraz to wi\\u0119cej mieszka\\u0144c\\u00f3w z okolicznych wsi i rozrasta si\\u0119. Jest uzasadniona nadzieja, \\u017ce po kr\\u00f3tkim zastoju gospodarczym to miasto d\\u017awignie si\\u0119 i b\\u0119dzie si\\u0119 rozwija\\u0107 znajduj\\u0105c si\\u0119 tak blisko stolicy pa\\u0144stwa.\\u00a0<br \\\/><br \\\/><\\\/p>\\n\n\n<h3>Rodzinny Koncert Kol\\u0119d:<\\\/h3>\\n\n\n<p>Rodzinny Koncert kol\\u0119d odby\\u0142 si\\u0119 6 stycznia 2008 r. w W\\u0119growskim O\\u015brodku Kultury. Wyst\\u0105pili : Hanna Kruszewska - solistka, Ch\\u00f3r Szko\\u0142y Podstawowej im. Jana Paw\\u0142a II w W\\u0119growie oraz Publicznego Gimnazjum w W\\u0119growie pod kierunkiem Barbary Rostek-\\u015aladowskiej, Studio Piosenki dzia\\u0142aj\\u0105ce przy WOK, zesp\\u00f3\\u0142 \\u201eW\\u0119growianie\\u201d. Jako go\\u015b\\u0107 specjalny wyst\\u0105pi\\u0142 Mi\\u0119dzyuczelniany Ch\\u00f3r Akademicki \\u201ePro Pace\\u201d i Orkiestra Symfoniczna Akademii Muzycznej im. F. Chopina w Warszawie pod dyrekcj\\u0105 S\\u0142awomira Leszczy\\u0144skiego.\\u00a0<br \\\/><br \\\/><\\\/p>\\n\n\n<h3>Nabycie ziemi pod ko\\u015bci\\u00f3\\u0142:<\\\/h3>\\n\n\n<p>Dnia 4 lutego 2008 roku zosta\\u0142 sporz\\u0105dzony akt notarialny moc\\u0105 kt\\u00f3rego Parafia \\u015aw. ojca Pio naby\\u0142a prawa w\\u0142asno\\u015bciowe do teren\\u00f3w przy ul. Gda\\u0144skiej.\\u00a0<\\\/p>\\n\n\n<h3>Po\\u015bwi\\u0119cenie Placu pod ko\\u015bci\\u00f3\\u0142\\u00a0<\\\/h3>\\n\n\n<p>18 maja o godz. 18.00 Ksi\\u0105dz Biskup Antonii Dydycz, w asy\\u015bcie Dziekana W\\u0119growskiego ks. Czes\\u0142awa Mazurka, miejscowego duchowie\\u0144stwa i licznie zgromadzonego Ludu Bo\\u017cego, po\\u015bwi\\u0119ci\\u0142 plac pod ko\\u015bci\\u00f3\\u0142 i krzy\\u017c.<\\\/p>\\n\n\n<h3><br \\\/>Nabo\\u017ce\\u0144stwa majowe 2008<\\\/h3>\\n\n\n<p>Nabo\\u017ce\\u0144stwa majowe ze \\u015bpiewem Litanii Loreta\\u0144skiej odbywa\\u0142y si\\u0119 przez ca\\u0142y miesi\\u0105c maj na ul. S\\u0142onecznej przy kapliczce Matki Bo\\u017cej na posesji pa\\u0144stwa Zofii i Zdzis\\u0142awa Matusik\\u00f3w, o godzinie 19.30.\\u00a0<br \\\/><br \\\/><\\\/p>\\n\n\n<h3>Nabo\\u017ce\\u0144stwa czerwcowe 2008\\u00a0<\\\/h3>\\n\n\n<p>Nabo\\u017ce\\u0144stwa czerwcowe ze \\u015bpiewem Litanii do Serca Pana Jezusa odbywa\\u0142y si\\u0119 na placu parafialnym przy ul. Gda\\u0144skiej o godz. 19.30 przy nowo po\\u015bwi\\u0119conym krzy\\u017cu.\\u00a0<br \\\/><br \\\/><\\\/p>\\n\n\n<h3>Pielgrzymka 6,7,8.06.2008 r.<\\\/h3>\\n\n\n<p>Pielgrzymk\\u0119 dla doros\\u0142ych zorganizowano w dniach 6,7,8 czerwca 2008 roku. Trasa prowadzi\\u0142a przez Cz\\u0119stochow\\u0119, Bielsko Bia\\u0142\\u0105, Wadowice, Zakopane oraz Lud\\u017amierz. Wzi\\u0119\\u0142o w niej udzia\\u0142 45 os\\u00f3b z W\\u0119growa i z Soko\\u0142owa Podlaskiego.\\u00a0<br \\\/>Nabo\\u017ce\\u0144stwa r\\u00f3\\u017ca\\u0144cowe w lipcu i sierpniu 2008<br \\\/>Nabo\\u017ce\\u0144stwa r\\u00f3\\u017ca\\u0144cowe odbywa\\u0142y si\\u0119 na placu parafialnym przy ul. Gda\\u0144skiej przez lipiec i sierpie\\u0144 w ka\\u017cd\\u0105 \\u015brod\\u0119, sobot\\u0119 i niedziel\\u0119.\\u00a0<br \\\/><br \\\/><\\\/p>\\n\n\n<h3>Msze \\u015awi\\u0119te polowe<\\\/h3>\\n\n\n<p>W ka\\u017cd\\u0105 niedziel\\u0119 w miesi\\u0105cach czerwcu, lipcu i sierpniu odbywa\\u0142y si\\u0119 Msze \\u015awi\\u0119te polowe przy krzy\\u017cu parafialnym o godz. 19.30.\\u00a0<br \\\/><br \\\/><\\\/p>\\n\n\n<h3>P\\u00f3\\u0142kolonie Parafialne<\\\/h3>\\n\n\n<p>W dniach od 7 do 13 lipca 2008 roku zosta\\u0142y zorganizowane p\\u00f3\\u0142kolonie dla dzieci i m\\u0142odzie\\u017cy. P\\u00f3\\u0142kolonie zosta\\u0142y zrealizowane wesp\\u00f3\\u0142 ze Stowarzyszeniem Rozwoju Sportu Dzieci i M\\u0142odzie\\u017cy w W\\u0119growie. Uczestniczy\\u0142o w nich ok. 80 dzieci ze szko\\u0142y podstawowej , 15 os\\u00f3b m\\u0142odzie\\u017cy i 6 os\\u00f3b wychowawc\\u00f3w. Zaj\\u0119cia odbywa\\u0142y si\\u0119 codziennie w godz. 14.00- 19.00 na placu parafialnym przy ul. Gda\\u0144skiej. Na program z\\u0142o\\u017cy\\u0142y si\\u0119 : modlitwa, zaj\\u0119cia sportowe( pi\\u0142ka no\\u017cna, pi\\u0142ka siatkowa, wyjazdy na p\\u0142ywalni\\u0119 do Soko\\u0142owa Podlaskiego, szachy, jazda konno), zaj\\u0119cia plastyczne, ta\\u0144ce integracyjne, \\u015bpiew, posi\\u0142ki, ognisko , Msza \\u015bw. opiekunami byli: Bo\\u017cena Kosiorek, Aldona Sadowska, Ma\\u0142gorzata Laskowska, Alicja Dmowska, Weronika, Edyta i Anna Gryczan, Daniel Gryczan, Micha\\u0142 Kosiorek, Justyna \\u0141adosz, Marta Maleszewska, Karolina Chru\\u015bciel. Aleksandra K\\u0142os, Iwona Rojek, Justyna Ma\\u0142kowska, Sylwia Fr\\u0105czek.<\\\/p>\\n\n\n<h3><br \\\/>Rajd rowerowy po Mazowszu i Lubelszczy\\u017anie<\\\/h3>\\n\n\n<p>Odby\\u0142 si\\u0119 on w dniach 14-22.08.2008 roku. Uczestnikami rajdu byli studenci , m\\u0142odzie\\u017c szko\\u0142y \\u015bredniej i gimnazjum. Opiekunami zostali: Ks. Wies\\u0142aw Niemyjski, ks. Rafa\\u0142 Zbucki, Bo\\u017cena i Wies\\u0142aw Kosiorkowie, Ma\\u0142gorzata Wyszomirska. Trasa obj\\u0119\\u0142a W\\u0119gr\\u00f3w, Ka\\u0142uszyn, Siennic\\u0119, Otwock, Czersk, Wark\\u0119, Puszcz\\u0119 Kozienick\\u0105, Kozienice, Pionki, Czarnolas, Janowiec, Kazimierz Dolny, \\u0141uk\\u00f3w, Siedlce. Rajd by\\u0142 doskona\\u0142\\u0105 okazj\\u0105 aby pozna\\u0107 zabytki sztuki sakralnej, warownie i zamki, przyrod\\u0119 i zwyczaje.<br \\\/><br \\\/><\\\/p>\\n\n\n<h3>Pielgrzymka do W\\u0142och i do \\u015aw. Ojca Pio<\\\/h3>\\n\n\n<p>Pielgrzymka odby\\u0142a sie w dniach 12-20.10.2008 roku. Uczestniczy\\u0142o w niej og\\u00f3\\u0142em 47 os\\u00f3b w tym 22 z W\\u0119growa. Trasa obejmowa\\u0142a: Wiede\\u0144, Asy\\u017c, Rzym, Monte Casino, San Giovani Rotondo, Loretto, Padw\\u0119.\\u00a0<br \\\/><br \\\/><\\\/p>\\n\n\n<h3>Odpust Parafialny<\\\/h3>\\n\n\n<p>Msza \\u015awi\\u0119ta o godzinie 18.00 celebrowana by\\u0142a przez J.E. ks. Biskupa Antoniego Dydycza zosta\\u0142a odprawiona na placu parafialnym przy ul. Gda\\u0144skiej. O\\u0142tarz by\\u0142 umieszczony pod specjalnie rozstawionym na ta okazje zadaszeniem poniewa\\u017c z nieba pada\\u0142 na nas rz\\u0119sisty deszcz.\\u00a0<br \\\/><br \\\/><\\\/p>\\n\n\n<h3>Pasterka 2008<\\\/h3>\\n\n\n<h3>P\\u00f3\\u0142kolonie Zima 2009<\\\/h3>\\n\n\n<p>P\\u00f3\\u0142kolonie zimowe organizowane dla dzieci i m\\u0142odzie\\u017cy odby\\u0142y si\\u0119 w dniach 19-22.01.2009 roku. Na program z\\u0142o\\u017cy\\u0142y si\\u0119 nast\\u0119puj\\u0105ce zaj\\u0119cia: plastyczne, taneczne i teatralne w WOK oraz pokaz sprz\\u0119tu policyjnego a tak\\u017ce pogadanka na temat wsp\\u00f3\\u0142czesnych zagro\\u017ce\\u0144 (uzale\\u017cnienie od Internetu i nikotyny). Poza tym odby\\u0142y si\\u0119 r\\u00f3wnie\\u017c dwa turnieje pi\\u0142ki no\\u017cnej, wyjazd do Soko\\u0142owa Podlaskiego na p\\u0142ywalnie a tak\\u017ce modlitwa w Sanktuarium Mi\\u0142osierdzia Bo\\u017cego, pobyt w le\\u015bnicz\\u00f3wce na Miedzance (ognisko, zawody saneczkarskie, spacer do \\u017ceremi bobr\\u00f3w), wyjazd do Siedlec (zwiedzanie rozg\\u0142o\\u015bni Katolickiego Radia Podlasie, Muzeum Diecezjalnego i pobyt na sztucznym lodowisku).<\\\/p>\\n\n\n<h3>Bal Parafialny 7.02.2009 r.<\\\/h3>\\n\n\n<p>W ramach gromadzenia funduszy na budow\\u0119 nowego ko\\u015bcio\\u0142a pod wezwaniem \\u015aw. Ojca Pio w W\\u0119growie dnia 7 lutego w Centrum Konferencyjnym \\u201eKrasnodebski\\u201d odby\\u0142 si\\u0119 bal karnawa\\u0142owy. 26 listopada 2008 roku powo\\u0142ano komitet organizacyjny. W jej sk\\u0142ad weszli: Proboszcz Parafii ks. Wies\\u0142aw Niemyski, El\\u017cbieta Krasnod\\u0119bska, Jadwiga Snopkiewicz, Bo\\u017cena Kosiorek, Pawe\\u0142 Marchela. Podczas balu wylosowano nagrod\\u0119 rzeczow\\u0105 w postaci wycieczki zagranicznej do Francji . Wylosowa\\u0142a j\\u0105 Marta Maleszewska. Bal u\\u015bwietnili swoim wyst\\u0119pem tanecznym Mistrzowie Polski w rock\\u2019n rollu. Aukcje poprowadzi\\u0142 pan Krzysztof Supe\\u0142. Nast\\u0119puj\\u0105cy arty\\u015bci ofiarowali swoje prace: Ma\\u0142gorzata Konopi\\u0144ska, Miros\\u0142aw Greluk, Lech Pawlak, Roman Postek, Teresa i Dariusz Kowalscy. Album ofiarowa\\u0142a Krystyna Zbro\\u017cek. Opraw\\u0119 muzyczn\\u0105 i dobr\\u0105 zabaw\\u0119 zapewni\\u0142 Marcin Zawadzki z zespo\\u0142em Seaquest.\\u00a0<\\\/p>\\n\n\n<h3>Cegie\\u0142ki na budow\\u0119 ko\\u015bcio\\u0142a<\\\/h3>\\n\n\n<p>Przez ca\\u0142y miesi\\u0105c stycze\\u0144 przy Bazylice by\\u0142y rozprowadzane cegie\\u0142ki - losy na rzecz budowy ko\\u015bcio\\u0142a. Dyrektor biura podr\\u00f3\\u017cy \\u201eFrater\\u201d z Bydgoszczy po Mszy \\u015awi\\u0119tej o godz. 14.45 dokona\\u0142 losowania dw\\u00f3ch pielgrzymek w\\u015br\\u00f3d os\\u00f3b, kt\\u00f3re zakupi\\u0142y losy. Wycieczk\\u0119 do Bawarii wylosowa\\u0142a Teresa Zieli\\u0144ska natomiast do Francji Leszek Salach.<\\\/p>\",\"margin\":\"default\"}}]}]}]}],\"version\":\"4.5.12\"} --><\/p>\n","protected":false},"excerpt":{"rendered":"<p>Historia Parafii Parafia Rzymskokatolicka \u015aw. Ojca Pio w W\u0119growie zosta\u0142a powo\u0142ana do istnienia, dekretem Biskupa Drohiczy\u0144skiego Antoniego Dydycza, dnia 2 grudnia 2007 roku. Pierwszym proboszczem zosta\u0142 mianowany ks. Wies\u0142aw Krzysztof Niemyjski. Parafia \u015aw. Ojca Pio zosta\u0142a wydzielona z dotychczasowych Parafii: Wniebowzi\u0119cia NMP (Bazylika Mniejsza) oraz \u015aw. Piotra z Alkantary i \u015aw. Antoniego z Padwy. Now\u0105 [&hellip;]<\/p>\n","protected":false},"author":1,"featured_media":0,"parent":0,"menu_order":0,"comment_status":"closed","ping_status":"closed","template":"","meta":{"footnotes":""},"class_list":["post-15","page","type-page","status-publish","hentry"],"_links":{"self":[{"href":"https:\/\/piowegrow.pl\/index.php\/wp-json\/wp\/v2\/pages\/15","targetHints":{"allow":["GET"]}}],"collection":[{"href":"https:\/\/piowegrow.pl\/index.php\/wp-json\/wp\/v2\/pages"}],"about":[{"href":"https:\/\/piowegrow.pl\/index.php\/wp-json\/wp\/v2\/types\/page"}],"author":[{"embeddable":true,"href":"https:\/\/piowegrow.pl\/index.php\/wp-json\/wp\/v2\/users\/1"}],"replies":[{"embeddable":true,"href":"https:\/\/piowegrow.pl\/index.php\/wp-json\/wp\/v2\/comments?post=15"}],"version-history":[{"count":3,"href":"https:\/\/piowegrow.pl\/index.php\/wp-json\/wp\/v2\/pages\/15\/revisions"}],"predecessor-version":[{"id":182,"href":"https:\/\/piowegrow.pl\/index.php\/wp-json\/wp\/v2\/pages\/15\/revisions\/182"}],"wp:attachment":[{"href":"https:\/\/piowegrow.pl\/index.php\/wp-json\/wp\/v2\/media?parent=15"}],"curies":[{"name":"wp","href":"https:\/\/api.w.org\/{rel}","templated":true}]}}